{"id":5205,"date":"2017-01-01T00:00:00","date_gmt":"2016-12-31T23:00:00","guid":{"rendered":"https:\/\/www.oxfamfairtrade.be\/producten\/niet-gecategoriseerd\/chocolat-au-lait-bio\/"},"modified":"2026-04-22T03:21:21","modified_gmt":"2026-04-22T01:21:21","slug":"chocolat-au-lait-bio","status":"publish","type":"product","link":"https:\/\/www.oxfamfairtrade.be\/fr\/produits\/aliments\/chocolat\/tablets\/chocolat-au-lait-bio\/","title":{"rendered":"Chocolat au lait bio"},"content":{"rendered":"<p>Un go\u00fbt classique de tr\u00e8s haute qualit\u00e9.<\/p>\n","protected":false},"excerpt":{"rendered":"<p>Un classique de premier ordre \u00e0 se l\u00e9cher les doigts.<\/p>\n","protected":false},"featured_media":61676,"template":"","meta":{"_acf_changed":false,"_relevanssi_hide_post":"","_relevanssi_hide_content":"","_relevanssi_pin_for_all":"","_relevanssi_pin_keywords":"","_relevanssi_unpin_keywords":"","_relevanssi_related_keywords":"","_relevanssi_related_include_ids":"","_relevanssi_related_exclude_ids":"","_relevanssi_related_no_append":"","_relevanssi_related_not_related":"","_relevanssi_related_posts":"","_relevanssi_noindex_reason":"","footnotes":""},"product_partner":[876,882,560,868,2299,664],"product_allergen":[566,949,970],"product_cat":[1668],"product_tag":[],"product_client_type":[3668,1403,1410,3657,1402,1725,4337],"product_diet":[581],"product_packaging":[1099,1146],"product_storage":[1102,1104],"product_grape":[],"product_recipe":[],"product_flavour":[],"class_list":["post-5205","product","type-product","status-publish","has-post-thumbnail","hentry","product_partner-acopagro","product_partner-cac-oro-verde","product_partner-conacado","product_partner-manduvira","product_partner-otisa","product_partner-promabio","product_cat-tablets","pa_bio-oui","pa_fairtrade-oui","pa_merk-oxfam-fair-trade","product_diet-sans-gluten"],"acf":[],"_links":{"self":[{"href":"https:\/\/www.oxfamfairtrade.be\/fr\/wp-json\/wp\/v2\/product\/5205","targetHints":{"allow":["GET"]}}],"collection":[{"href":"https:\/\/www.oxfamfairtrade.be\/fr\/wp-json\/wp\/v2\/product"}],"about":[{"href":"https:\/\/www.oxfamfairtrade.be\/fr\/wp-json\/wp\/v2\/types\/product"}],"version-history":[{"count":2,"href":"https:\/\/www.oxfamfairtrade.be\/fr\/wp-json\/wp\/v2\/product\/5205\/revisions"}],"predecessor-version":[{"id":112930,"href":"https:\/\/www.oxfamfairtrade.be\/fr\/wp-json\/wp\/v2\/product\/5205\/revisions\/112930"}],"wp:featuredmedia":[{"embeddable":true,"href":"https:\/\/www.oxfamfairtrade.be\/fr\/wp-json\/wp\/v2\/media\/61676"}],"wp:attachment":[{"href":"https:\/\/www.oxfamfairtrade.be\/fr\/wp-json\/wp\/v2\/media?parent=5205"}],"wp:term":[{"taxonomy":"product_partner","embeddable":true,"href":"https:\/\/www.oxfamfairtrade.be\/fr\/wp-json\/wp\/v2\/product_partner?post=5205"},{"taxonomy":"product_allergen","embeddable":true,"href":"https:\/\/www.oxfamfairtrade.be\/fr\/wp-json\/wp\/v2\/product_allergen?post=5205"},{"taxonomy":"product_cat","embeddable":true,"href":"https:\/\/www.oxfamfairtrade.be\/fr\/wp-json\/wp\/v2\/product_cat?post=5205"},{"taxonomy":"product_tag","embeddable":true,"href":"https:\/\/www.oxfamfairtrade.be\/fr\/wp-json\/wp\/v2\/product_tag?post=5205"},{"taxonomy":"product_client_type","embeddable":true,"href":"https:\/\/www.oxfamfairtrade.be\/fr\/wp-json\/wp\/v2\/product_client_type?post=5205"},{"taxonomy":"product_diet","embeddable":true,"href":"https:\/\/www.oxfamfairtrade.be\/fr\/wp-json\/wp\/v2\/product_diet?post=5205"},{"taxonomy":"product_packaging","embeddable":true,"href":"https:\/\/www.oxfamfairtrade.be\/fr\/wp-json\/wp\/v2\/product_packaging?post=5205"},{"taxonomy":"product_storage","embeddable":true,"href":"https:\/\/www.oxfamfairtrade.be\/fr\/wp-json\/wp\/v2\/product_storage?post=5205"},{"taxonomy":"product_grape","embeddable":true,"href":"https:\/\/www.oxfamfairtrade.be\/fr\/wp-json\/wp\/v2\/product_grape?post=5205"},{"taxonomy":"product_recipe","embeddable":true,"href":"https:\/\/www.oxfamfairtrade.be\/fr\/wp-json\/wp\/v2\/product_recipe?post=5205"},{"taxonomy":"product_flavour","embeddable":true,"href":"https:\/\/www.oxfamfairtrade.be\/fr\/wp-json\/wp\/v2\/product_flavour?post=5205"}],"curies":[{"name":"wp","href":"https:\/\/api.w.org\/{rel}","templated":true}]}}