{"id":13105,"date":"2019-07-02T11:27:21","date_gmt":"2019-07-02T09:27:21","guid":{"rendered":"https:\/\/www.oxfamfairtrade.be\/?post_type=product&#038;p=13105"},"modified":"2026-04-13T03:17:35","modified_gmt":"2026-04-13T01:17:35","slug":"juste-biere-triple-33-cl","status":"publish","type":"product","link":"https:\/\/www.oxfamfairtrade.be\/fr\/produits\/aliments\/autres-boissons\/biere\/juste-biere-triple-33-cl\/","title":{"rendered":"JUSTE Bi\u00e8re triple 33 cl"},"content":{"rendered":"<p>Une triple forte belge avec des touches d\u2019agrumes. <em>M\u00e9daille de <strong>bronze<\/strong> dans la cat\u00e9gorie Belgian Style Tripel aux <a href=\"http:\/\/www.worldbeerawards.com\/\">World Beer Awards<\/a> 2019<\/em><\/p>\n<p>JUSTE est \u00e9quitable, v\u00e9gan et sans pesticides; sans OGM\u2019s, ni colorants ou conservateurs. La refermentation en bouteille permet que la formation de mousse se d\u00e9roule enti\u00e8rement naturel. Alc 8,5% vol.<\/p>\n<p>La bi\u00e8re JUSTE a \u00e9t\u00e9 d\u00e9velopp\u00e9e ensemble avec la Brasserie des L\u00e9gendes, situ\u00e9e \u00e0 Ath. La JUSTE triple contient de l\u2019orge belge cultiv\u00e9 de mani\u00e8re naturelle et minimum 50% de houblon belge, ainsi que des touches de quinoa bio d\u2019origine bolivienne.<\/p>\n<p><em>Une bi\u00e8re brass\u00e9e avec savoir, se d\u00e9guste avec sagesse.<\/em><\/p>\n","protected":false},"excerpt":{"rendered":"<p>Une tripel belge forte aux notes fra\u00eeches d&rsquo;agrumes. Sans OGM, sans colorants ni conservateurs. Alc. 8,5 % vol.<\/p>\n","protected":false},"featured_media":12931,"template":"","meta":{"_acf_changed":false,"_relevanssi_hide_post":"","_relevanssi_hide_content":"","_relevanssi_pin_for_all":"","_relevanssi_pin_keywords":"","_relevanssi_unpin_keywords":"","_relevanssi_related_keywords":"","_relevanssi_related_include_ids":"","_relevanssi_related_exclude_ids":"","_relevanssi_related_no_append":"","_relevanssi_related_not_related":"","_relevanssi_related_posts":"","_relevanssi_noindex_reason":"","footnotes":""},"product_partner":[561,1350,755,743],"product_allergen":[966],"product_cat":[1319],"product_tag":[],"product_client_type":[3668,1403,3657,1402,1725],"product_diet":[582,583],"product_packaging":[1124,1301],"product_storage":[1105,1102],"product_grape":[],"product_recipe":[],"product_flavour":[],"class_list":["post-13105","product","type-product","status-publish","has-post-thumbnail","hentry","product_partner-anapqui","product_partner-brasserie-des-legendes","product_partner-coopecanera","product_partner-oasis","product_cat-biere","pa_bio-non","pa_fairtrade-oui","pa_merk-oxfam-fair-trade","product_diet-sans-lactose","product_diet-vegetalien"],"acf":[],"_links":{"self":[{"href":"https:\/\/www.oxfamfairtrade.be\/fr\/wp-json\/wp\/v2\/product\/13105","targetHints":{"allow":["GET"]}}],"collection":[{"href":"https:\/\/www.oxfamfairtrade.be\/fr\/wp-json\/wp\/v2\/product"}],"about":[{"href":"https:\/\/www.oxfamfairtrade.be\/fr\/wp-json\/wp\/v2\/types\/product"}],"version-history":[{"count":7,"href":"https:\/\/www.oxfamfairtrade.be\/fr\/wp-json\/wp\/v2\/product\/13105\/revisions"}],"predecessor-version":[{"id":112879,"href":"https:\/\/www.oxfamfairtrade.be\/fr\/wp-json\/wp\/v2\/product\/13105\/revisions\/112879"}],"wp:featuredmedia":[{"embeddable":true,"href":"https:\/\/www.oxfamfairtrade.be\/fr\/wp-json\/wp\/v2\/media\/12931"}],"wp:attachment":[{"href":"https:\/\/www.oxfamfairtrade.be\/fr\/wp-json\/wp\/v2\/media?parent=13105"}],"wp:term":[{"taxonomy":"product_partner","embeddable":true,"href":"https:\/\/www.oxfamfairtrade.be\/fr\/wp-json\/wp\/v2\/product_partner?post=13105"},{"taxonomy":"product_allergen","embeddable":true,"href":"https:\/\/www.oxfamfairtrade.be\/fr\/wp-json\/wp\/v2\/product_allergen?post=13105"},{"taxonomy":"product_cat","embeddable":true,"href":"https:\/\/www.oxfamfairtrade.be\/fr\/wp-json\/wp\/v2\/product_cat?post=13105"},{"taxonomy":"product_tag","embeddable":true,"href":"https:\/\/www.oxfamfairtrade.be\/fr\/wp-json\/wp\/v2\/product_tag?post=13105"},{"taxonomy":"product_client_type","embeddable":true,"href":"https:\/\/www.oxfamfairtrade.be\/fr\/wp-json\/wp\/v2\/product_client_type?post=13105"},{"taxonomy":"product_diet","embeddable":true,"href":"https:\/\/www.oxfamfairtrade.be\/fr\/wp-json\/wp\/v2\/product_diet?post=13105"},{"taxonomy":"product_packaging","embeddable":true,"href":"https:\/\/www.oxfamfairtrade.be\/fr\/wp-json\/wp\/v2\/product_packaging?post=13105"},{"taxonomy":"product_storage","embeddable":true,"href":"https:\/\/www.oxfamfairtrade.be\/fr\/wp-json\/wp\/v2\/product_storage?post=13105"},{"taxonomy":"product_grape","embeddable":true,"href":"https:\/\/www.oxfamfairtrade.be\/fr\/wp-json\/wp\/v2\/product_grape?post=13105"},{"taxonomy":"product_recipe","embeddable":true,"href":"https:\/\/www.oxfamfairtrade.be\/fr\/wp-json\/wp\/v2\/product_recipe?post=13105"},{"taxonomy":"product_flavour","embeddable":true,"href":"https:\/\/www.oxfamfairtrade.be\/fr\/wp-json\/wp\/v2\/product_flavour?post=13105"}],"curies":[{"name":"wp","href":"https:\/\/api.w.org\/{rel}","templated":true}]}}